{"id":482,"date":"2025-10-14T20:11:03","date_gmt":"2025-10-14T20:11:03","guid":{"rendered":"https:\/\/vol-montgolfiere-marrakech.com\/impressum\/"},"modified":"2026-04-19T13:59:58","modified_gmt":"2026-04-19T13:59:58","slug":"impressum","status":"publish","type":"page","link":"https:\/\/vol-montgolfiere-marrakech.com\/de\/impressum\/","title":{"rendered":"Impressum"},"content":{"rendered":"\t\t<div data-elementor-type=\"wp-page\" data-elementor-id=\"482\" class=\"elementor elementor-482 elementor-294\">\n\t\t\t\t\t\t<section class=\"elementor-section elementor-top-section elementor-element elementor-element-9729472 elementor-section-boxed elementor-section-height-default elementor-section-height-default\" data-id=\"9729472\" data-element_type=\"section\" data-e-type=\"section\">\n\t\t\t\t\t\t<div class=\"elementor-container elementor-column-gap-default\">\n\t\t\t\t\t<div class=\"elementor-column elementor-col-100 elementor-top-column elementor-element elementor-element-364e342\" data-id=\"364e342\" data-element_type=\"column\" data-e-type=\"column\">\n\t\t\t<div class=\"elementor-widget-wrap elementor-element-populated\">\n\t\t\t\t\t\t<div class=\"elementor-element elementor-element-1df4db9 elementor-widget elementor-widget-text-editor\" data-id=\"1df4db9\" data-element_type=\"widget\" data-e-type=\"widget\" data-widget_type=\"text-editor.default\">\n\t\t\t\t<div class=\"elementor-widget-container\">\n\t\t\t\t\t\t\t\t\t<h3>Impressum \u2013 Vol Montgolfi\u00e8re Marrakech<\/h3><p> <\/p><p> <\/p><h4>  1. Identifikation und Kontaktdaten des Herausgebers<\/h4><p> <\/p><ul><li><b>Name des Unternehmens: Vol Montgolfi\u00e8re Marrakech<br><\/b><\/li><li><b>Stammsitz:<\/b> 38 Rue Tariq Bnou Ziad, Marrakesch 40000<\/li><li><b>Telefon:<\/b> [Ihre direkte Kontaktnummer]<\/li><li><b>E-Mail:<\/b> contact@vol-montgolfiere-marrakech.com<\/li><\/ul><p> <\/p><h4>2. Leiter der Ver\u00f6ffentlichung<\/h4><p> <\/p><ul><li><b>Verantwortlich:<\/b> Mohamed<\/li><\/ul><p> <\/p><h4>  4. Geistiges Eigentum und Urheberrecht<\/h4><p> <\/p><ul><li>Die gesamte Website unterliegt der marokkanischen und internationalen Gesetzgebung zum Urheberrecht und zum geistigen Eigentum.<\/li><li>Alle auf der Website <b>Vol Montgolfi\u00e8re Marrakech<\/b> vorhandenen Elemente (Texte, Fotos der Fl\u00fcge, Logos, Videos) sind unser ausschlie\u00dfliches Eigentum oder unterliegen einer Nutzungsgenehmigung. Jede Vervielf\u00e4ltigung ist ohne vorherige schriftliche Zustimmung strengstens untersagt.<\/li><\/ul><p> <\/p><h4>5. Anwendbares Recht und Gerichtsstand<\/h4><p> <\/p><ul><li>Dieses Impressum unterliegt marokkanischem Recht.<\/li><li>Im Falle eines Rechtsstreits und nach dem Scheitern jeglicher Schlichtungsversuche wird die ausschlie\u00dfliche Zust\u00e4ndigkeit den zust\u00e4ndigen Gerichten von <b>Marrakesch<\/b> zugewiesen.<\/li><\/ul>\t\t\t\t\t\t\t\t<\/div>\n\t\t\t\t<\/div>\n\t\t\t\t\t<\/div>\n\t\t<\/div>\n\t\t\t\t\t<\/div>\n\t\t<\/section>\n\t\t\t\t<\/div>\n\t\t","protected":false},"excerpt":{"rendered":"<p>Impressum \u2013 Vol Montgolfi\u00e8re Marrakech 1. Identifikation und Kontaktdaten des Herausgebers Name des Unternehmens: Vol Montgolfi\u00e8re Marrakech Stammsitz: 38 Rue Tariq Bnou Ziad, Marrakesch 40000 Telefon: [Ihre direkte Kontaktnummer] E-Mail: contact@vol-montgolfiere-marrakech.com 2. Leiter der Ver\u00f6ffentlichung Verantwortlich: Mohamed 4. Geistiges Eigentum und Urheberrecht Die gesamte Website unterliegt der marokkanischen und internationalen Gesetzgebung zum Urheberrecht und zum [&hellip;]<\/p>\n","protected":false},"author":1,"featured_media":0,"parent":0,"menu_order":0,"comment_status":"closed","ping_status":"closed","template":"elementor_header_footer","meta":{"_joinchat":[],"footnotes":""},"class_list":["post-482","page","type-page","status-publish","hentry"],"_links":{"self":[{"href":"https:\/\/vol-montgolfiere-marrakech.com\/de\/wp-json\/wp\/v2\/pages\/482","targetHints":{"allow":["GET"]}}],"collection":[{"href":"https:\/\/vol-montgolfiere-marrakech.com\/de\/wp-json\/wp\/v2\/pages"}],"about":[{"href":"https:\/\/vol-montgolfiere-marrakech.com\/de\/wp-json\/wp\/v2\/types\/page"}],"author":[{"embeddable":true,"href":"https:\/\/vol-montgolfiere-marrakech.com\/de\/wp-json\/wp\/v2\/users\/1"}],"replies":[{"embeddable":true,"href":"https:\/\/vol-montgolfiere-marrakech.com\/de\/wp-json\/wp\/v2\/comments?post=482"}],"version-history":[{"count":1,"href":"https:\/\/vol-montgolfiere-marrakech.com\/de\/wp-json\/wp\/v2\/pages\/482\/revisions"}],"predecessor-version":[{"id":483,"href":"https:\/\/vol-montgolfiere-marrakech.com\/de\/wp-json\/wp\/v2\/pages\/482\/revisions\/483"}],"wp:attachment":[{"href":"https:\/\/vol-montgolfiere-marrakech.com\/de\/wp-json\/wp\/v2\/media?parent=482"}],"curies":[{"name":"wp","href":"https:\/\/api.w.org\/{rel}","templated":true}]}}