{"id":490,"date":"2025-10-14T21:17:27","date_gmt":"2025-10-14T21:17:27","guid":{"rendered":"https:\/\/vol-montgolfiere-marrakech.com\/datenschutzerklaerung\/"},"modified":"2026-04-19T14:00:20","modified_gmt":"2026-04-19T14:00:20","slug":"datenschutzerklaerung","status":"publish","type":"page","link":"https:\/\/vol-montgolfiere-marrakech.com\/de\/datenschutzerklaerung\/","title":{"rendered":"Datenschutzerkl\u00e4rung"},"content":{"rendered":"\t\t<div data-elementor-type=\"wp-page\" data-elementor-id=\"490\" class=\"elementor elementor-490 elementor-298\">\n\t\t\t\t\t\t<section class=\"elementor-section elementor-top-section elementor-element elementor-element-2f04af06 elementor-section-boxed elementor-section-height-default elementor-section-height-default\" data-id=\"2f04af06\" data-element_type=\"section\" data-e-type=\"section\">\n\t\t\t\t\t\t<div class=\"elementor-container elementor-column-gap-default\">\n\t\t\t\t\t<div class=\"elementor-column elementor-col-100 elementor-top-column elementor-element elementor-element-456d7a97\" data-id=\"456d7a97\" data-element_type=\"column\" data-e-type=\"column\">\n\t\t\t<div class=\"elementor-widget-wrap elementor-element-populated\">\n\t\t\t\t\t\t<div class=\"elementor-element elementor-element-2bd53d5d elementor-widget elementor-widget-text-editor\" data-id=\"2bd53d5d\" data-element_type=\"widget\" data-e-type=\"widget\" data-widget_type=\"text-editor.default\">\n\t\t\t\t<div class=\"elementor-widget-container\">\n\t\t\t\t\t\t\t\t\t<h3>Datenschutzerkl\u00e4rung und Datenverarbeitung \u2013 Hei\u00dfluftballonflug Montgolfi\u00e8re Marrakech<\/h3><p> <\/p><p> <\/p><h4>1. Unser Engagement f\u00fcr den Datenschutz<\/h4><p> <\/p><p>Wir verpflichten uns, die personenbezogenen Daten unserer Kunden und Besucher zu sch\u00fctzen. Diese Datenschutzerkl\u00e4rung erl\u00e4utert die Arten von Daten, die wir erheben, wie wir sie verwenden, sowie die Rechte, die Ihnen zustehen.<\/p><p> <\/p><h4>]Erhobene Daten bei der Buchung und beim Surfen<\/h4><p> <\/p><ul><li><p><b>Bestelldaten (transaktionsbezogen):<\/b><\/p><ul><li><p><b>Art:<\/b> Name, Vorname, E-Mail-Adresse, Telefonnummer, Buchungsdetails (Datum, gew\u00e4hltes Paket), Zahlungsinformationen (sicher verwaltet durch [Name des Zahlungsdienstleisters: Stripe, CMI usw.]).<\/p><\/li><li><p><b>Zweck:<\/b> Verwaltung der Buchung, Best\u00e4tigung des Fluges, Rechnungsstellung, logistische Transfers.<\/p><\/li><\/ul><\/li><li><p><b>Navigationsdaten (informativ):<\/b><\/p><ul><li><p><b>Art:<\/b> IP-Adresse, verwendeter Browser, besuchte Seiten, auf der Website verbrachte Zeit.<\/p><\/li><li><p><b>Zweck:<\/b> Reichweitenmessung (Google Analytics), Verbesserung der Nutzererfahrung, SEO-Analyse.<\/p><\/li><\/ul><\/li><\/ul><p> <\/p><h4>3. Verwendung von Cookies<\/h4><p> <\/p><ul><li><p><b>Definition:<\/b> Cookies sind kleine Dateien, die auf Ihrem Ger\u00e4t gespeichert werden.<\/p><\/li><li><p><b>Art der verwendeten Cookies:<\/b> Erforderlich (Betrieb der Website), Statistik (Traffic-Analyse), Marketing (zielgerichtete Werbung).<\/p><\/li><li><p><b>Verwaltung:<\/b> Der Nutzer wird \u00fcber die Verwendung von Cookies informiert und muss ihnen zustimmen oder sie ablehnen k\u00f6nnen (Einwilligungsbanner obligatorisch, wenn DSGVO-relevantes Targeting erfolgt).<\/p><\/li><\/ul><p> <\/p><h4>  4. Sicherheit Ihrer personenbezogenen Daten<\/h4><p> <\/p><p>Wir setzen technische und organisatorische Sicherheitsma\u00dfnahmen (SSL-Verschl\u00fcsselung, eingeschr\u00e4nkte Zugriffe) um, um Ihre Daten vor unbefugtem Zugriff, Offenlegung oder \u00c4nderung zu sch\u00fctzen.<\/p><p> <\/p><h4>  5. Ihre Rechte (Gesetz 09-08 \/ DSGVO)<\/h4><p> <\/p><p>Als Nutzer verf\u00fcgen Sie insbesondere \u00fcber ein Recht auf Auskunft, Berichtigung, L\u00f6schung (Recht auf Vergessenwerden) sowie Widerspruch gegen die Verarbeitung Ihrer Daten.<\/p><ul><li><p><b>So \u00fcben Sie Ihre Rechte aus:<\/b> Bitte kontaktieren Sie uns per E-Mail unter contact@.vol-montgolfiere-marrakech.com<\/p><\/li><\/ul>\t\t\t\t\t\t\t\t<\/div>\n\t\t\t\t<\/div>\n\t\t\t\t\t<\/div>\n\t\t<\/div>\n\t\t\t\t\t<\/div>\n\t\t<\/section>\n\t\t\t\t<\/div>\n\t\t","protected":false},"excerpt":{"rendered":"<p>Datenschutzerkl\u00e4rung und Datenverarbeitung \u2013 Hei\u00dfluftballonflug Montgolfi\u00e8re Marrakech 1. Unser Engagement f\u00fcr den Datenschutz Wir verpflichten uns, die personenbezogenen Daten unserer Kunden und Besucher zu sch\u00fctzen. Diese Datenschutzerkl\u00e4rung erl\u00e4utert die Arten von Daten, die wir erheben, wie wir sie verwenden, sowie die Rechte, die Ihnen zustehen. ]Erhobene Daten bei der Buchung und beim Surfen Bestelldaten (transaktionsbezogen): [&hellip;]<\/p>\n","protected":false},"author":1,"featured_media":0,"parent":0,"menu_order":0,"comment_status":"closed","ping_status":"closed","template":"elementor_header_footer","meta":{"_joinchat":[],"footnotes":""},"class_list":["post-490","page","type-page","status-publish","hentry"],"_links":{"self":[{"href":"https:\/\/vol-montgolfiere-marrakech.com\/de\/wp-json\/wp\/v2\/pages\/490","targetHints":{"allow":["GET"]}}],"collection":[{"href":"https:\/\/vol-montgolfiere-marrakech.com\/de\/wp-json\/wp\/v2\/pages"}],"about":[{"href":"https:\/\/vol-montgolfiere-marrakech.com\/de\/wp-json\/wp\/v2\/types\/page"}],"author":[{"embeddable":true,"href":"https:\/\/vol-montgolfiere-marrakech.com\/de\/wp-json\/wp\/v2\/users\/1"}],"replies":[{"embeddable":true,"href":"https:\/\/vol-montgolfiere-marrakech.com\/de\/wp-json\/wp\/v2\/comments?post=490"}],"version-history":[{"count":1,"href":"https:\/\/vol-montgolfiere-marrakech.com\/de\/wp-json\/wp\/v2\/pages\/490\/revisions"}],"predecessor-version":[{"id":491,"href":"https:\/\/vol-montgolfiere-marrakech.com\/de\/wp-json\/wp\/v2\/pages\/490\/revisions\/491"}],"wp:attachment":[{"href":"https:\/\/vol-montgolfiere-marrakech.com\/de\/wp-json\/wp\/v2\/media?parent=490"}],"curies":[{"name":"wp","href":"https:\/\/api.w.org\/{rel}","templated":true}]}}