{"id":504,"date":"2025-10-14T14:18:19","date_gmt":"2025-10-14T14:18:19","guid":{"rendered":"https:\/\/vol-montgolfiere-marrakech.com\/ueber-uns\/"},"modified":"2026-04-19T14:01:14","modified_gmt":"2026-04-19T14:01:14","slug":"ueber-uns","status":"publish","type":"page","link":"https:\/\/vol-montgolfiere-marrakech.com\/de\/ueber-uns\/","title":{"rendered":"\u00dcber uns"},"content":{"rendered":"\t\t<div data-elementor-type=\"wp-page\" data-elementor-id=\"504\" class=\"elementor elementor-504 elementor-203\">\n\t\t\t\t\t\t<section class=\"elementor-section elementor-top-section elementor-element elementor-element-52337d11 elementor-section-boxed elementor-section-height-default elementor-section-height-default\" data-id=\"52337d11\" data-element_type=\"section\" data-e-type=\"section\" data-settings=\"{&quot;background_background&quot;:&quot;classic&quot;}\">\n\t\t\t\t\t\t\t<div class=\"elementor-background-overlay\"><\/div>\n\t\t\t\t\t\t\t<div class=\"elementor-container elementor-column-gap-default\">\n\t\t\t\t\t<div class=\"elementor-column elementor-col-100 elementor-top-column elementor-element elementor-element-53b99118\" data-id=\"53b99118\" data-element_type=\"column\" data-e-type=\"column\">\n\t\t\t<div class=\"elementor-widget-wrap elementor-element-populated\">\n\t\t\t\t\t\t<div class=\"elementor-element elementor-element-6caa6f94 elementor-widget elementor-widget-heading\" data-id=\"6caa6f94\" data-element_type=\"widget\" data-e-type=\"widget\" data-widget_type=\"heading.default\">\n\t\t\t\t<div class=\"elementor-widget-container\">\n\t\t\t\t\t<h1 class=\"elementor-heading-title elementor-size-default\">\u00dcber uns<\/h1>\t\t\t\t<\/div>\n\t\t\t\t<\/div>\n\t\t\t\t\t<\/div>\n\t\t<\/div>\n\t\t\t\t\t<\/div>\n\t\t<\/section>\n\t\t\t\t<section class=\"elementor-section elementor-top-section elementor-element elementor-element-550d7498 elementor-section-content-middle elementor-section-boxed elementor-section-height-default elementor-section-height-default\" data-id=\"550d7498\" data-element_type=\"section\" data-e-type=\"section\" data-settings=\"{&quot;background_background&quot;:&quot;classic&quot;}\">\n\t\t\t\t\t\t<div class=\"elementor-container elementor-column-gap-default\">\n\t\t\t\t\t<div class=\"elementor-column elementor-col-50 elementor-top-column elementor-element elementor-element-6a5851ee animated-slow elementor-invisible\" data-id=\"6a5851ee\" data-element_type=\"column\" data-e-type=\"column\" data-settings=\"{&quot;animation&quot;:&quot;fadeIn&quot;}\">\n\t\t\t<div class=\"elementor-widget-wrap elementor-element-populated\">\n\t\t\t\t\t\t<div class=\"elementor-element elementor-element-3fdfbae elementor-widget elementor-widget-heading\" data-id=\"3fdfbae\" data-element_type=\"widget\" data-e-type=\"widget\" data-widget_type=\"heading.default\">\n\t\t\t\t<div class=\"elementor-widget-container\">\n\t\t\t\t\t<h5 class=\"elementor-heading-title elementor-size-default\">\u00dcber uns<\/h5>\t\t\t\t<\/div>\n\t\t\t\t<\/div>\n\t\t\t\t<div class=\"elementor-element elementor-element-7259379d elementor-widget elementor-widget-heading\" data-id=\"7259379d\" data-element_type=\"widget\" data-e-type=\"widget\" data-widget_type=\"heading.default\">\n\t\t\t\t<div class=\"elementor-widget-container\">\n\t\t\t\t\t<h2 class=\"elementor-heading-title elementor-size-default\">Ballonfahrt Marrakesch: 20 Jahre Leidenschaft, Expertise und Sicherheit.  <\/h2>\t\t\t\t<\/div>\n\t\t\t\t<\/div>\n\t\t\t\t<div class=\"elementor-element elementor-element-8959ce0 elementor-widget elementor-widget-text-editor\" data-id=\"8959ce0\" data-element_type=\"widget\" data-e-type=\"widget\" data-widget_type=\"text-editor.default\">\n\t\t\t\t<div class=\"elementor-widget-container\">\n\t\t\t\t\t\t\t\t\t<p>Vor mehr als 20 Jahren gegr\u00fcndet, entstand <span style=\"color: #000000;\"><a style=\"color: #000000;\" href=\"https:\/\/vol-montgolfiere-marrakech.com\/de\/\"><strong>Vol Montgolfi\u00e8re Marrakech<\/strong><\/a><\/span> aus einer unersch\u00fctterlichen Leidenschaft f\u00fcr die Luftfahrt und die spektakul\u00e4re Sch\u00f6nheit der Region. Wir sind stolz darauf, einer der erfahrensten Anbieter zu sein und haben uns einen Ruf aufgebaut, der auf Zuverl\u00e4ssigkeit, technischer Expertise und einem Kundenservice basiert, der das Wort \u201eLuxus\u201c neu definiert. <\/p>\t\t\t\t\t\t\t\t<\/div>\n\t\t\t\t<\/div>\n\t\t\t\t\t<\/div>\n\t\t<\/div>\n\t\t\t\t<div class=\"elementor-column elementor-col-50 elementor-top-column elementor-element elementor-element-39bcb021\" data-id=\"39bcb021\" data-element_type=\"column\" data-e-type=\"column\" data-settings=\"{&quot;animation&quot;:&quot;none&quot;}\">\n\t\t\t<div class=\"elementor-widget-wrap elementor-element-populated\">\n\t\t\t\t\t\t<div class=\"elementor-element elementor-element-cf5499e elementor-widget elementor-widget-image\" data-id=\"cf5499e\" data-element_type=\"widget\" data-e-type=\"widget\" data-widget_type=\"image.default\">\n\t\t\t\t<div class=\"elementor-widget-container\">\n\t\t\t\t\t\t\t\t\t\t\t\t\t\t\t<img fetchpriority=\"high\" decoding=\"async\" width=\"800\" height=\"482\" src=\"https:\/\/vol-montgolfiere-marrakech.com\/wp-content\/uploads\/2025\/10\/vol-montgolfiere-marrakech-1024x617.jpg\" class=\"attachment-large size-large wp-image-565\" alt=\"Hei\u00dfluftballonfahrt in Marrakesch\" srcset=\"https:\/\/vol-montgolfiere-marrakech.com\/wp-content\/uploads\/2025\/10\/vol-montgolfiere-marrakech-1024x617.jpg 1024w, https:\/\/vol-montgolfiere-marrakech.com\/wp-content\/uploads\/2025\/10\/vol-montgolfiere-marrakech-300x181.jpg 300w, https:\/\/vol-montgolfiere-marrakech.com\/wp-content\/uploads\/2025\/10\/vol-montgolfiere-marrakech-768x462.jpg 768w, https:\/\/vol-montgolfiere-marrakech.com\/wp-content\/uploads\/2025\/10\/vol-montgolfiere-marrakech.jpg 1400w\" sizes=\"(max-width: 800px) 100vw, 800px\" \/>\t\t\t\t\t\t\t\t\t\t\t\t\t\t\t<\/div>\n\t\t\t\t<\/div>\n\t\t\t\t\t<\/div>\n\t\t<\/div>\n\t\t\t\t\t<\/div>\n\t\t<\/section>\n\t\t\t\t<section class=\"elementor-section elementor-top-section elementor-element elementor-element-2ececa25 elementor-section-full_width elementor-section-height-default elementor-section-height-default\" data-id=\"2ececa25\" data-element_type=\"section\" data-e-type=\"section\">\n\t\t\t\t\t\t<div class=\"elementor-container elementor-column-gap-default\">\n\t\t\t\t\t<div class=\"elementor-column elementor-col-100 elementor-top-column elementor-element elementor-element-1901c99f animated-slow elementor-invisible\" data-id=\"1901c99f\" data-element_type=\"column\" data-e-type=\"column\" data-settings=\"{&quot;background_background&quot;:&quot;classic&quot;,&quot;animation&quot;:&quot;fadeIn&quot;}\">\n\t\t\t<div class=\"elementor-widget-wrap elementor-element-populated\">\n\t\t\t\t\t<div class=\"elementor-background-overlay\"><\/div>\n\t\t\t\t\t\t<div class=\"elementor-element elementor-element-1a95dc8d elementor-widget elementor-widget-heading\" data-id=\"1a95dc8d\" data-element_type=\"widget\" data-e-type=\"widget\" data-widget_type=\"heading.default\">\n\t\t\t\t<div class=\"elementor-widget-container\">\n\t\t\t\t\t<h3 class=\"elementor-heading-title elementor-size-default\">Erleben Sie das Staunen. Buchen Sie Ihren Aufstieg zum Atlas. <\/h3>\t\t\t\t<\/div>\n\t\t\t\t<\/div>\n\t\t\t\t<div class=\"elementor-element elementor-element-30a875a4 elementor-widget elementor-widget-text-editor\" data-id=\"30a875a4\" data-element_type=\"widget\" data-e-type=\"widget\" data-widget_type=\"text-editor.default\">\n\t\t\t\t<div class=\"elementor-widget-container\">\n\t\t\t\t\t\t\t\t\t<blockquote><p>Unser erfahrenes Team ist bereit, Ihren sicheren Flug zu organisieren. Lassen Sie sich das Abenteuer Ihres Lebens nicht entgehen. <\/p><\/blockquote>\t\t\t\t\t\t\t\t<\/div>\n\t\t\t\t<\/div>\n\t\t\t\t<div class=\"elementor-element elementor-element-29f351a8 elementor-widget__width-auto elementor-widget elementor-widget-jkit_button\" data-id=\"29f351a8\" data-element_type=\"widget\" data-e-type=\"widget\" data-widget_type=\"jkit_button.default\">\n\t\t\t\t<div class=\"elementor-widget-container\">\n\t\t\t\t\t<div  class=\"jeg-elementor-kit jkit-button  icon-position-before jeg_module___6a05f471c71a1\" ><a href=\"https:\/\/api.whatsapp.com\/send\/?phone=212708875361&#038;text=Bonjour%2C+j%27aimerais+avoir+plus+d%27informations+sur+votre+service+de+montgolfi%C3%A8re+%C3%A0+Marrakech.&#038;type=phone_number&#038;app_absent=0\" class=\"jkit-button-wrapper\" target=\"_blank\" rel=\"noopener\">Ich buche meinen Flug jetzt<\/a><\/div>\t\t\t\t<\/div>\n\t\t\t\t<\/div>\n\t\t\t\t\t<\/div>\n\t\t<\/div>\n\t\t\t\t\t<\/div>\n\t\t<\/section>\n\t\t\t\t<\/div>\n\t\t","protected":false},"excerpt":{"rendered":"<p>\u00dcber uns \u00dcber uns Ballonfahrt Marrakesch: 20 Jahre Leidenschaft, Expertise und Sicherheit. Vor mehr als 20 Jahren gegr\u00fcndet, entstand Vol Montgolfi\u00e8re Marrakech aus einer unersch\u00fctterlichen Leidenschaft f\u00fcr die Luftfahrt und die spektakul\u00e4re Sch\u00f6nheit der Region. Wir sind stolz darauf, einer der erfahrensten Anbieter zu sein und haben uns einen Ruf aufgebaut, der auf Zuverl\u00e4ssigkeit, technischer [&hellip;]<\/p>\n","protected":false},"author":1,"featured_media":0,"parent":0,"menu_order":0,"comment_status":"closed","ping_status":"closed","template":"elementor_header_footer","meta":{"_joinchat":[],"footnotes":""},"class_list":["post-504","page","type-page","status-publish","hentry"],"_links":{"self":[{"href":"https:\/\/vol-montgolfiere-marrakech.com\/de\/wp-json\/wp\/v2\/pages\/504","targetHints":{"allow":["GET"]}}],"collection":[{"href":"https:\/\/vol-montgolfiere-marrakech.com\/de\/wp-json\/wp\/v2\/pages"}],"about":[{"href":"https:\/\/vol-montgolfiere-marrakech.com\/de\/wp-json\/wp\/v2\/types\/page"}],"author":[{"embeddable":true,"href":"https:\/\/vol-montgolfiere-marrakech.com\/de\/wp-json\/wp\/v2\/users\/1"}],"replies":[{"embeddable":true,"href":"https:\/\/vol-montgolfiere-marrakech.com\/de\/wp-json\/wp\/v2\/comments?post=504"}],"version-history":[{"count":1,"href":"https:\/\/vol-montgolfiere-marrakech.com\/de\/wp-json\/wp\/v2\/pages\/504\/revisions"}],"predecessor-version":[{"id":505,"href":"https:\/\/vol-montgolfiere-marrakech.com\/de\/wp-json\/wp\/v2\/pages\/504\/revisions\/505"}],"wp:attachment":[{"href":"https:\/\/vol-montgolfiere-marrakech.com\/de\/wp-json\/wp\/v2\/media?parent=504"}],"curies":[{"name":"wp","href":"https:\/\/api.w.org\/{rel}","templated":true}]}}