{"id":498,"date":"2025-10-14T20:11:03","date_gmt":"2025-10-14T20:11:03","guid":{"rendered":"https:\/\/vol-montgolfiere-marrakech.com\/aviso-legal\/"},"modified":"2026-04-19T14:00:48","modified_gmt":"2026-04-19T14:00:48","slug":"aviso-legal","status":"publish","type":"page","link":"https:\/\/vol-montgolfiere-marrakech.com\/es\/aviso-legal\/","title":{"rendered":"Aviso Legal"},"content":{"rendered":"\t\t<div data-elementor-type=\"wp-page\" data-elementor-id=\"498\" class=\"elementor elementor-498 elementor-294\">\n\t\t\t\t\t\t<section class=\"elementor-section elementor-top-section elementor-element elementor-element-9729472 elementor-section-boxed elementor-section-height-default elementor-section-height-default\" data-id=\"9729472\" data-element_type=\"section\" data-e-type=\"section\">\n\t\t\t\t\t\t<div class=\"elementor-container elementor-column-gap-default\">\n\t\t\t\t\t<div class=\"elementor-column elementor-col-100 elementor-top-column elementor-element elementor-element-364e342\" data-id=\"364e342\" data-element_type=\"column\" data-e-type=\"column\">\n\t\t\t<div class=\"elementor-widget-wrap elementor-element-populated\">\n\t\t\t\t\t\t<div class=\"elementor-element elementor-element-1df4db9 elementor-widget elementor-widget-text-editor\" data-id=\"1df4db9\" data-element_type=\"widget\" data-e-type=\"widget\" data-widget_type=\"text-editor.default\">\n\t\t\t\t<div class=\"elementor-widget-container\">\n\t\t\t\t\t\t\t\t\t<h3>Aviso Legal \u2013 Vuelo en Globo Marrakech<\/h3><p> <\/p><p> <\/p><h4>  1. Identificaci\u00f3n y Datos de Contacto del Editor<\/h4><p> <\/p><ul><li><b>Nombre de la Empresa: Vuelo en Globo Marrakech<br><\/b><\/li><li><b>Domicilio Social:<\/b> 38 Rue Tariq Bnou Ziad, Marrakech 40000<\/li><li><b>Tel\u00e9fono:<\/b> [Su n\u00famero de contacto directo]<\/li><li><b>Email:<\/b> contact@vol-montgolfiere-marrakech.com<\/li><\/ul><p> <\/p><h4>2. Director de Publicaci\u00f3n<\/h4><p> <\/p><ul><li><b>Responsable:<\/b> Mohamed<\/li><\/ul><p> <\/p><h4>  4. Propiedad Intelectual y Derechos de Autor<\/h4><p> <\/p><ul><li>La totalidad de este sitio web se rige por las legislaciones marroqu\u00ed e internacional sobre derechos de autor y propiedad intelectual.<\/li><li>Todos los elementos (textos, fotograf\u00edas del vuelo, logotipos, v\u00eddeos) presentes en el sitio web <b>Vuelo en Globo Marrakech<\/b> son de nuestra propiedad exclusiva o est\u00e1n sujetos a una autorizaci\u00f3n de uso. Queda estrictamente prohibida cualquier reproducci\u00f3n sin consentimiento previo por escrito.<\/li><\/ul><p> <\/p><h4>5. Ley Aplicable y Atribuci\u00f3n de Jurisdicci\u00f3n<\/h4><p> <\/p><ul><li>Las presentes notas legales se rigen por la ley marroqu\u00ed.<\/li><li>En caso de litigio, y tras el fracaso de cualquier intento de conciliaci\u00f3n, la jurisdicci\u00f3n exclusiva se atribuye a los tribunales competentes de <b>Marrakech<\/b>.<\/li><\/ul>\t\t\t\t\t\t\t\t<\/div>\n\t\t\t\t<\/div>\n\t\t\t\t\t<\/div>\n\t\t<\/div>\n\t\t\t\t\t<\/div>\n\t\t<\/section>\n\t\t\t\t<\/div>\n\t\t","protected":false},"excerpt":{"rendered":"<p>Aviso Legal \u2013 Vuelo en Globo Marrakech 1. Identificaci\u00f3n y Datos de Contacto del Editor Nombre de la Empresa: Vuelo en Globo Marrakech Domicilio Social: 38 Rue Tariq Bnou Ziad, Marrakech 40000 Tel\u00e9fono: [Su n\u00famero de contacto directo] Email: contact@vol-montgolfiere-marrakech.com 2. Director de Publicaci\u00f3n Responsable: Mohamed 4. Propiedad Intelectual y Derechos de Autor La totalidad [&hellip;]<\/p>\n","protected":false},"author":1,"featured_media":0,"parent":0,"menu_order":0,"comment_status":"closed","ping_status":"closed","template":"elementor_header_footer","meta":{"_joinchat":[],"footnotes":""},"class_list":["post-498","page","type-page","status-publish","hentry"],"_links":{"self":[{"href":"https:\/\/vol-montgolfiere-marrakech.com\/es\/wp-json\/wp\/v2\/pages\/498","targetHints":{"allow":["GET"]}}],"collection":[{"href":"https:\/\/vol-montgolfiere-marrakech.com\/es\/wp-json\/wp\/v2\/pages"}],"about":[{"href":"https:\/\/vol-montgolfiere-marrakech.com\/es\/wp-json\/wp\/v2\/types\/page"}],"author":[{"embeddable":true,"href":"https:\/\/vol-montgolfiere-marrakech.com\/es\/wp-json\/wp\/v2\/users\/1"}],"replies":[{"embeddable":true,"href":"https:\/\/vol-montgolfiere-marrakech.com\/es\/wp-json\/wp\/v2\/comments?post=498"}],"version-history":[{"count":1,"href":"https:\/\/vol-montgolfiere-marrakech.com\/es\/wp-json\/wp\/v2\/pages\/498\/revisions"}],"predecessor-version":[{"id":499,"href":"https:\/\/vol-montgolfiere-marrakech.com\/es\/wp-json\/wp\/v2\/pages\/498\/revisions\/499"}],"wp:attachment":[{"href":"https:\/\/vol-montgolfiere-marrakech.com\/es\/wp-json\/wp\/v2\/media?parent=498"}],"curies":[{"name":"wp","href":"https:\/\/api.w.org\/{rel}","templated":true}]}}